{"id":43,"date":"2016-04-06T06:50:57","date_gmt":"2016-04-06T06:50:57","guid":{"rendered":"http:\/\/sgr-ssr.ch\/fr\/sample-page\/"},"modified":"2026-03-23T15:07:42","modified_gmt":"2026-03-23T15:07:42","slug":"home-2-2","status":"publish","type":"page","link":"https:\/\/sgr-ssr.ch\/fr\/","title":{"rendered":"Home"},"content":{"rendered":"<p>[et_pb_section fb_built=&nbsp;&raquo;1&Prime; custom_padding_last_edited=&nbsp;&raquo;on|desktop&nbsp;&raquo; admin_label=&nbsp;&raquo;Section&nbsp;&raquo; _builder_version=&nbsp;&raquo;3.22&Prime; background_color=&nbsp;&raquo;#d9dadb&nbsp;&raquo; custom_padding_tablet=&nbsp;&raquo;50px|0|50px|0&Prime; custom_padding_phone=&nbsp;&raquo;&nbsp;&raquo; transparent_background=&nbsp;&raquo;off&nbsp;&raquo; padding_mobile=&nbsp;&raquo;off&nbsp;&raquo; make_fullwidth=&nbsp;&raquo;off&nbsp;&raquo; use_custom_width=&nbsp;&raquo;off&nbsp;&raquo; width_unit=&nbsp;&raquo;on&nbsp;&raquo;][et_pb_row padding_mobile=&nbsp;&raquo;off&nbsp;&raquo; column_padding_mobile=&nbsp;&raquo;on&nbsp;&raquo; custom_padding_last_edited=&nbsp;&raquo;on|desktop&nbsp;&raquo; disabled_on=&nbsp;&raquo;on|on|on&nbsp;&raquo; admin_label=&nbsp;&raquo;Row&nbsp;&raquo; _builder_version=&nbsp;&raquo;3.25&Prime; background_size=&nbsp;&raquo;initial&nbsp;&raquo; background_position=&nbsp;&raquo;top_left&nbsp;&raquo; background_repeat=&nbsp;&raquo;repeat&nbsp;&raquo; custom_padding=&nbsp;&raquo;4%||4%|&nbsp;&raquo; custom_padding_tablet=&nbsp;&raquo;&nbsp;&raquo; custom_padding_phone=&nbsp;&raquo;&nbsp;&raquo; make_fullwidth=&nbsp;&raquo;off&nbsp;&raquo; use_custom_width=&nbsp;&raquo;off&nbsp;&raquo; width_unit=&nbsp;&raquo;on&nbsp;&raquo; disabled=&nbsp;&raquo;on&nbsp;&raquo;][et_pb_column type=&nbsp;&raquo;4_4&Prime; _builder_version=&nbsp;&raquo;3.25&Prime; custom_padding=&nbsp;&raquo;|||&nbsp;&raquo; custom_padding__hover=&nbsp;&raquo;|||&nbsp;&raquo;][et_pb_image src=&nbsp;&raquo;https:\/\/sgr-ssr.ch\/wp-content\/uploads\/2016\/04\/SGR-home_desktop_DE.png&nbsp;&raquo; url_new_window=&nbsp;&raquo;on&nbsp;&raquo; align=&nbsp;&raquo;center&nbsp;&raquo; disabled_on=&nbsp;&raquo;on|on|off&nbsp;&raquo; admin_label=&nbsp;&raquo;Image_desktop&nbsp;&raquo; _builder_version=&nbsp;&raquo;3.23&Prime; use_border_color=&nbsp;&raquo;off&nbsp;&raquo; border_color=&nbsp;&raquo;#ffffff&nbsp;&raquo; border_style=&nbsp;&raquo;solid&nbsp;&raquo; animation=&nbsp;&raquo;off&nbsp;&raquo; sticky=&nbsp;&raquo;off&nbsp;&raquo; always_center_on_mobile=&nbsp;&raquo;off&nbsp;&raquo;] [\/et_pb_image][et_pb_image src=&nbsp;&raquo;https:\/\/sgr-ssr.ch\/wp-content\/uploads\/2016\/04\/SGR-home_mobile.png&nbsp;&raquo; url_new_window=&nbsp;&raquo;on&nbsp;&raquo; show_bottom_space=&nbsp;&raquo;off&nbsp;&raquo; align=&nbsp;&raquo;center&nbsp;&raquo; align_tablet=&nbsp;&raquo;center&nbsp;&raquo; align_phone=&nbsp;&raquo;&nbsp;&raquo; align_last_edited=&nbsp;&raquo;on|desktop&nbsp;&raquo; disabled_on=&nbsp;&raquo;off|off|on&nbsp;&raquo; admin_label=&nbsp;&raquo;Image_mobile&nbsp;&raquo; _builder_version=&nbsp;&raquo;3.23&Prime; use_border_color=&nbsp;&raquo;off&nbsp;&raquo; border_color=&nbsp;&raquo;#ffffff&nbsp;&raquo; border_style=&nbsp;&raquo;solid&nbsp;&raquo; animation=&nbsp;&raquo;off&nbsp;&raquo; sticky=&nbsp;&raquo;on&nbsp;&raquo; always_center_on_mobile=&nbsp;&raquo;on&nbsp;&raquo;] [\/et_pb_image][\/et_pb_column][\/et_pb_row][\/et_pb_section][et_pb_section fb_built=&nbsp;&raquo;1&Prime; fullwidth=&nbsp;&raquo;on&nbsp;&raquo; disabled_on=&nbsp;&raquo;on|on|off&nbsp;&raquo; _builder_version=&nbsp;&raquo;4.4.8&Prime; background_color=&nbsp;&raquo;#d9dadb&nbsp;&raquo;][et_pb_fullwidth_slider admin_label=&nbsp;&raquo;Slider&nbsp;&raquo; module_class=&nbsp;&raquo;sgr-ssr-slider&nbsp;&raquo; _builder_version=&nbsp;&raquo;4.4.8&Prime; background_enable_color=&nbsp;&raquo;off&nbsp;&raquo; background_enable_image=&nbsp;&raquo;off&nbsp;&raquo; height=&nbsp;&raquo;500px&nbsp;&raquo; auto=&nbsp;&raquo;on&nbsp;&raquo; auto_speed=&nbsp;&raquo;5000&Prime; hover_enabled=&nbsp;&raquo;0&Prime;][et_pb_slide button_link=&nbsp;&raquo;https:\/\/congress.sgr-ssr.ch\/&nbsp;&raquo; image=&nbsp;&raquo;https:\/\/sgr-ssr.ch\/wp-content\/uploads\/2025\/07\/SGR-SSR_SP_SCR26_TXT.png&nbsp;&raquo; admin_title=&nbsp;&raquo;SCR25&Prime; _builder_version=&nbsp;&raquo;4.4.8&Prime; header_text_align=&nbsp;&raquo;center&nbsp;&raquo; body_text_align=&nbsp;&raquo;center&nbsp;&raquo; background_enable_color=&nbsp;&raquo;off&nbsp;&raquo; background_image=&nbsp;&raquo;https:\/\/sgr-ssr.ch\/wp-content\/uploads\/2025\/10\/NEW_SCR-26_Web-Slider_HG_1944x500.jpg&nbsp;&raquo; background_enable_image=&nbsp;&raquo;on&nbsp;&raquo; text_orientation=&nbsp;&raquo;center&nbsp;&raquo; width=&nbsp;&raquo;200%&nbsp;&raquo; max_width=&nbsp;&raquo;200%&nbsp;&raquo; link_option_url=&nbsp;&raquo;https:\/\/congress.sgr-ssr.ch\/&nbsp;&raquo; link_option_url_new_window=&nbsp;&raquo;on&nbsp;&raquo;][\/et_pb_slide][et_pb_slide button_link=&nbsp;&raquo;https:\/\/sgr-ssr.ch\/smarter-medicine\/&nbsp;&raquo; admin_title=&nbsp;&raquo;smarter medicine&nbsp;&raquo; _builder_version=&nbsp;&raquo;4.4.8&Prime; background_color=&nbsp;&raquo;#65a3ce&nbsp;&raquo; background_enable_color=&nbsp;&raquo;on&nbsp;&raquo; background_image=&nbsp;&raquo;https:\/\/sgr-ssr.ch\/wp-content\/uploads\/2023\/03\/SGR-SSR_SP_Smarter-Medicine.png&nbsp;&raquo; background_enable_image=&nbsp;&raquo;on&nbsp;&raquo; background_size=&nbsp;&raquo;initial&nbsp;&raquo; background_position=&nbsp;&raquo;top_center&nbsp;&raquo; custom_button=&nbsp;&raquo;on&nbsp;&raquo; button_text_size=&nbsp;&raquo;15px&nbsp;&raquo; button_text_color=&nbsp;&raquo;#e02b20&Prime; button_bg_color=&nbsp;&raquo;#ffffff&nbsp;&raquo; button_border_width=&nbsp;&raquo;4px&nbsp;&raquo; button_border_color=&nbsp;&raquo;#ffffff&nbsp;&raquo; button_use_icon=&nbsp;&raquo;on&nbsp;&raquo; button_icon=&nbsp;&raquo;%%28%%&nbsp;&raquo; button_icon_placement=&nbsp;&raquo;left&nbsp;&raquo; link_option_url=&nbsp;&raquo;https:\/\/sgr-ssr.ch\/smarter-medicine\/&nbsp;&raquo;][\/et_pb_slide][et_pb_slide button_link=&nbsp;&raquo;https:\/\/sgr-ssr.ch\/?post_type=project&#038;p=11423&#038;preview=true&nbsp;&raquo; admin_title=&nbsp;&raquo;DEFAULT&nbsp;&raquo; _builder_version=&nbsp;&raquo;4.4.8&Prime; background_color=&nbsp;&raquo;#d9dadb&nbsp;&raquo; background_enable_color=&nbsp;&raquo;on&nbsp;&raquo; background_image=&nbsp;&raquo;https:\/\/sgr-ssr.ch\/wp-content\/uploads\/2025\/02\/SGR-home_desktop_FR.png&nbsp;&raquo; background_enable_image=&nbsp;&raquo;on&nbsp;&raquo; background_size=&nbsp;&raquo;initial&nbsp;&raquo; background_position=&nbsp;&raquo;top_center&nbsp;&raquo; background_last_edited=&nbsp;&raquo;on|phone&nbsp;&raquo; background_image_phone=&nbsp;&raquo;https:\/\/sgr-ssr.ch\/wp-content\/uploads\/2016\/04\/SGR-home_mobile.png&nbsp;&raquo; background_enable_image_phone=&nbsp;&raquo;on&nbsp;&raquo; background_size_phone=&nbsp;&raquo;initial&nbsp;&raquo; background_position_phone=&nbsp;&raquo;center&nbsp;&raquo; title_text_phone=&nbsp;&raquo;SGR-home_mobile&nbsp;&raquo;][\/et_pb_slide][et_pb_slide admin_title=&nbsp;&raquo;undergraduate education&nbsp;&raquo; _builder_version=&nbsp;&raquo;4.4.8&Prime; background_color=&nbsp;&raquo;#43c7a5&Prime; background_enable_color=&nbsp;&raquo;on&nbsp;&raquo; background_image=&nbsp;&raquo;https:\/\/sgr-ssr.ch\/wp-content\/uploads\/2023\/02\/SGR-SSR_SP_UE_eBook.jpg&nbsp;&raquo; background_enable_image=&nbsp;&raquo;on&nbsp;&raquo; background_size=&nbsp;&raquo;initial&nbsp;&raquo; background_position=&nbsp;&raquo;top_center&nbsp;&raquo;][\/et_pb_slide][\/et_pb_fullwidth_slider][\/et_pb_section][et_pb_section fb_built=&nbsp;&raquo;1&Prime; fullwidth=&nbsp;&raquo;on&nbsp;&raquo; module_class=&nbsp;&raquo;sgr-ssr-header-section&nbsp;&raquo; _builder_version=&nbsp;&raquo;4.4.8&Prime; background_color=&nbsp;&raquo;#d9dadb&nbsp;&raquo;][et_pb_fullwidth_slider disabled_on=&nbsp;&raquo;on|on|on&nbsp;&raquo; admin_label=&nbsp;&raquo;pop up news&nbsp;&raquo; module_class=&nbsp;&raquo;sgr-ssr-slider&nbsp;&raquo; _builder_version=&nbsp;&raquo;4.4.8&Prime; background_enable_color=&nbsp;&raquo;off&nbsp;&raquo; background_enable_image=&nbsp;&raquo;off&nbsp;&raquo; auto=&nbsp;&raquo;on&nbsp;&raquo; disabled=&nbsp;&raquo;on&nbsp;&raquo;][et_pb_slide heading=&nbsp;&raquo;Schinz Lecture 2022&Prime; button_text=&nbsp;&raquo;plus d&rsquo;information&nbsp;&raquo; button_link=&nbsp;&raquo;https:\/\/sgr-ssr.ch\/fr\/?post_type=project&#038;p=11424&#038;preview=true&nbsp;&raquo; _builder_version=&nbsp;&raquo;4.4.8&Prime; background_color=&nbsp;&raquo;#d9dadb&nbsp;&raquo; background_enable_color=&nbsp;&raquo;on&nbsp;&raquo; background_image=&nbsp;&raquo;https:\/\/sgr-ssr.ch\/wp-content\/uploads\/2022\/06\/SGR-home_desktop_FR.png&nbsp;&raquo; background_enable_image=&nbsp;&raquo;on&nbsp;&raquo; background_size=&nbsp;&raquo;initial&nbsp;&raquo; background_last_edited=&nbsp;&raquo;on|phone&nbsp;&raquo; background_image_tablet=&nbsp;&raquo;https:\/\/sgr-ssr.ch\/wp-content\/uploads\/2022\/06\/SGR-home_desktop_FR.png&nbsp;&raquo; background_image_phone=&nbsp;&raquo;https:\/\/sgr-ssr.ch\/wp-content\/uploads\/2022\/06\/SGR-home_mobile_FR.png&nbsp;&raquo; background_enable_image_tablet=&nbsp;&raquo;on&nbsp;&raquo; background_enable_image_phone=&nbsp;&raquo;on&nbsp;&raquo; background_size_phone=&nbsp;&raquo;initial&nbsp;&raquo; background_position_phone=&nbsp;&raquo;center&nbsp;&raquo; title_text_phone=&nbsp;&raquo;SGR-home_mobile_FR&nbsp;&raquo; title_text_tablet=&nbsp;&raquo;SGR-home_desktop_FR&nbsp;&raquo;]<\/p>\n<p>Dr. Christoph Becker a re\u00e7u la m\u00e9daille Schinz dans le cadre du Congr\u00e8s suisse de radiologie 2022. Cet enregistrement de la Schinz Lecture 2022 &#8211; The Clinical Relevance of the Radiologist &#8211; est \u00e0 la disposition de toute personne int\u00e9ress\u00e9e.<\/p>\n<p>[\/et_pb_slide][et_pb_slide heading=&nbsp;&raquo;Nouveau programme de formation continue 2022&Prime; button_text=&nbsp;&raquo;plus d&rsquo;information&nbsp;&raquo; button_link=&nbsp;&raquo;https:\/\/www.siwf.ch\/fr\/formation-postgraduee\/titres-specialiste-formations\/radiologie.cfm&nbsp;&raquo; url_new_window=&nbsp;&raquo;on&nbsp;&raquo; _builder_version=&nbsp;&raquo;4.4.8&Prime; background_color=&nbsp;&raquo;#d9dadb&nbsp;&raquo; background_enable_color=&nbsp;&raquo;on&nbsp;&raquo; background_image=&nbsp;&raquo;https:\/\/sgr-ssr.ch\/wp-content\/uploads\/2022\/06\/SGR-home_desktop_FR.png&nbsp;&raquo; background_enable_image=&nbsp;&raquo;on&nbsp;&raquo; background_size=&nbsp;&raquo;initial&nbsp;&raquo; background_last_edited=&nbsp;&raquo;on|phone&nbsp;&raquo; background_image_tablet=&nbsp;&raquo;https:\/\/sgr-ssr.ch\/wp-content\/uploads\/2022\/06\/SGR-home_desktop_FR.png&nbsp;&raquo; background_image_phone=&nbsp;&raquo;https:\/\/sgr-ssr.ch\/wp-content\/uploads\/2022\/06\/SGR-home_mobile_FR.png&nbsp;&raquo; background_enable_image_tablet=&nbsp;&raquo;on&nbsp;&raquo; background_enable_image_phone=&nbsp;&raquo;on&nbsp;&raquo; background_size_phone=&nbsp;&raquo;initial&nbsp;&raquo; background_position_phone=&nbsp;&raquo;center&nbsp;&raquo; title_text_phone=&nbsp;&raquo;SGR-home_mobile_FR&nbsp;&raquo; title_text_tablet=&nbsp;&raquo;SGR-home_desktop_FR&nbsp;&raquo;]<\/p>\n<p>L&rsquo;ISFM a approuv\u00e9 la r\u00e9vision du programme de formation postgradu\u00e9e pour le 1er juillet 2022. Le programme est valable d\u00e8s maintenant et peut \u00eatre consult\u00e9 sur le site Internet de l&rsquo;ISFM.<\/p>\n<p>[\/et_pb_slide][et_pb_slide heading=&nbsp;&raquo;Enregistrement des vert\u00e9broplasties et kyphoplasties dans le registre du rachis&nbsp;&raquo; button_text=&nbsp;&raquo;plus d&rsquo;information&nbsp;&raquo; button_link=&nbsp;&raquo;\/fr\/news&nbsp;&raquo; _builder_version=&nbsp;&raquo;4.4.8&Prime; background_color=&nbsp;&raquo;#d9dadb&nbsp;&raquo; background_enable_color=&nbsp;&raquo;on&nbsp;&raquo; background_image=&nbsp;&raquo;https:\/\/sgr-ssr.ch\/wp-content\/uploads\/2022\/06\/SGR-home_desktop_FR.png&nbsp;&raquo; background_enable_image=&nbsp;&raquo;on&nbsp;&raquo; background_size=&nbsp;&raquo;initial&nbsp;&raquo; background_last_edited=&nbsp;&raquo;on|phone&nbsp;&raquo; background_image_tablet=&nbsp;&raquo;https:\/\/sgr-ssr.ch\/wp-content\/uploads\/2022\/06\/SGR-home_desktop_FR.png&nbsp;&raquo; background_image_phone=&nbsp;&raquo;https:\/\/sgr-ssr.ch\/wp-content\/uploads\/2022\/06\/SGR-home_mobile_FR.png&nbsp;&raquo; background_enable_image_tablet=&nbsp;&raquo;on&nbsp;&raquo; background_enable_image_phone=&nbsp;&raquo;on&nbsp;&raquo; background_size_phone=&nbsp;&raquo;initial&nbsp;&raquo; background_position_phone=&nbsp;&raquo;center&nbsp;&raquo; title_text_phone=&nbsp;&raquo;SGR-home_mobile_FR&nbsp;&raquo; title_text_tablet=&nbsp;&raquo;SGR-home_desktop_FR&nbsp;&raquo;]<\/p>\n<p>\u00c0 partir de f\u00e9vrier 2022 certaines vert\u00e9broplasties et kyphoplasties percutan\u00e9es devront \u00eatre enregistr\u00e9es dans un registre sp\u00e9cifique des implants&#8230;<\/p>\n<p>[\/et_pb_slide][et_pb_slide heading=&nbsp;&raquo;Adresses de contact pour la Romandie et les radiologues priv\u00e9s&nbsp;&raquo; button_text=&nbsp;&raquo;plus d&rsquo;information&nbsp;&raquo; button_link=&nbsp;&raquo;\/fr\/news&nbsp;&raquo; _builder_version=&nbsp;&raquo;4.4.8&Prime; background_color=&nbsp;&raquo;#d9dadb&nbsp;&raquo; background_enable_color=&nbsp;&raquo;on&nbsp;&raquo; background_image=&nbsp;&raquo;https:\/\/sgr-ssr.ch\/wp-content\/uploads\/2022\/06\/SGR-home_desktop_FR.png&nbsp;&raquo; background_enable_image=&nbsp;&raquo;on&nbsp;&raquo; background_size=&nbsp;&raquo;initial&nbsp;&raquo; background_last_edited=&nbsp;&raquo;on|phone&nbsp;&raquo; background_image_tablet=&nbsp;&raquo;https:\/\/sgr-ssr.ch\/wp-content\/uploads\/2022\/06\/SGR-home_desktop_FR.png&nbsp;&raquo; background_image_phone=&nbsp;&raquo;https:\/\/sgr-ssr.ch\/wp-content\/uploads\/2022\/06\/SGR-home_mobile_FR.png&nbsp;&raquo; background_enable_image_tablet=&nbsp;&raquo;on&nbsp;&raquo; background_enable_image_phone=&nbsp;&raquo;on&nbsp;&raquo; background_size_phone=&nbsp;&raquo;initial&nbsp;&raquo; background_position_phone=&nbsp;&raquo;center&nbsp;&raquo; title_text_phone=&nbsp;&raquo;SGR-home_mobile_FR&nbsp;&raquo; title_text_tablet=&nbsp;&raquo;SGR-home_desktop_FR&nbsp;&raquo;]<\/p>\n<p>La SGR-SSR a cr\u00e9\u00e9 deux nouvelles adresses e-mail \u2013 romandie@sgr-ssr.ch et privatradiologen@sgr-ssr.ch \u2013 pour un acc\u00e8s direct aux repr\u00e9sentants au sein du comit\u00e9 de la SGR-SSR&#8230;<\/p>\n<p>[\/et_pb_slide][\/et_pb_fullwidth_slider][\/et_pb_section]<\/p>\n","protected":false},"excerpt":{"rendered":"<p>Dr. Christoph Becker a re\u00e7u la m\u00e9daille Schinz dans le cadre du Congr\u00e8s suisse de radiologie 2022. Cet enregistrement de la Schinz Lecture 2022 &#8211; The Clinical Relevance of the Radiologist &#8211; est \u00e0 la disposition de toute personne int\u00e9ress\u00e9e.L&rsquo;ISFM a approuv\u00e9 la r\u00e9vision du programme de formation postgradu\u00e9e pour le 1er juillet 2022. Le [&hellip;]<\/p>\n","protected":false},"author":1,"featured_media":0,"parent":0,"menu_order":0,"comment_status":"closed","ping_status":"closed","template":"","meta":{"_acf_changed":false,"_et_pb_use_builder":"on","_et_pb_old_content":"<p><img class=\"alignnone wp-image-40 size-full\" src=\"http:\/\/sgr-ssr.ch\/wp-content\/uploads\/2016\/04\/SGR_Home.png\" alt=\"SGR-SSR\" width=\"1620\" height=\"1700\" \/><\/p>","_et_gb_content_width":"","inline_featured_image":false,"footnotes":""},"class_list":["post-43","page","type-page","status-publish","hentry"],"acf":[],"yoast_head":"<!-- This site is optimized with the Yoast SEO plugin v27.5 - https:\/\/yoast.com\/product\/yoast-seo-wordpress\/ -->\n<title>Home - Schweizerische Gesellschaft f\u00fcr Radiologie<\/title>\n<meta name=\"robots\" content=\"index, follow, max-snippet:-1, max-image-preview:large, max-video-preview:-1\" \/>\n<link rel=\"canonical\" href=\"https:\/\/sgr-ssr.ch\/fr\/\" \/>\n<meta property=\"og:locale\" content=\"fr_FR\" \/>\n<meta property=\"og:type\" content=\"article\" \/>\n<meta property=\"og:title\" content=\"Home - Schweizerische Gesellschaft f\u00fcr Radiologie\" \/>\n<meta property=\"og:description\" content=\"Dr. Christoph Becker a re\u00e7u la m\u00e9daille Schinz dans le cadre du Congr\u00e8s suisse de radiologie 2022. Cet enregistrement de la Schinz Lecture 2022 - The Clinical Relevance of the Radiologist - est \u00e0 la disposition de toute personne int\u00e9ress\u00e9e.L&#039;ISFM a approuv\u00e9 la r\u00e9vision du programme de formation postgradu\u00e9e pour le 1er juillet 2022. Le [&hellip;]\" \/>\n<meta property=\"og:url\" content=\"https:\/\/sgr-ssr.ch\/fr\/\" \/>\n<meta property=\"og:site_name\" content=\"Schweizerische Gesellschaft f\u00fcr Radiologie\" \/>\n<meta property=\"article:modified_time\" content=\"2026-03-23T15:07:42+00:00\" \/>\n<meta name=\"twitter:card\" content=\"summary_large_image\" \/>\n<meta name=\"twitter:label1\" content=\"Est. reading time\" \/>\n\t<meta name=\"twitter:data1\" content=\"6 minutes\" \/>\n<script type=\"application\/ld+json\" class=\"yoast-schema-graph\">{\"@context\":\"https:\\\/\\\/schema.org\",\"@graph\":[{\"@type\":\"WebPage\",\"@id\":\"https:\\\/\\\/sgr-ssr.ch\\\/fr\\\/\",\"url\":\"https:\\\/\\\/sgr-ssr.ch\\\/fr\\\/\",\"name\":\"Home - Schweizerische Gesellschaft f\u00fcr Radiologie\",\"isPartOf\":{\"@id\":\"https:\\\/\\\/sgr-ssr.ch\\\/#website\"},\"datePublished\":\"2016-04-06T06:50:57+00:00\",\"dateModified\":\"2026-03-23T15:07:42+00:00\",\"breadcrumb\":{\"@id\":\"https:\\\/\\\/sgr-ssr.ch\\\/fr\\\/#breadcrumb\"},\"inLanguage\":\"fr-FR\",\"potentialAction\":[{\"@type\":\"ReadAction\",\"target\":[\"https:\\\/\\\/sgr-ssr.ch\\\/fr\\\/\"]}]},{\"@type\":\"BreadcrumbList\",\"@id\":\"https:\\\/\\\/sgr-ssr.ch\\\/fr\\\/#breadcrumb\",\"itemListElement\":[{\"@type\":\"ListItem\",\"position\":1,\"name\":\"Home\",\"item\":\"https:\\\/\\\/sgr-ssr.ch\\\/fr\\\/\"},{\"@type\":\"ListItem\",\"position\":2,\"name\":\"Home\"}]},{\"@type\":\"WebSite\",\"@id\":\"https:\\\/\\\/sgr-ssr.ch\\\/#website\",\"url\":\"https:\\\/\\\/sgr-ssr.ch\\\/\",\"name\":\"Schweizerische Gesellschaft f\u00fcr Radiologie\",\"description\":\"Just another WordPress site\",\"potentialAction\":[{\"@type\":\"SearchAction\",\"target\":{\"@type\":\"EntryPoint\",\"urlTemplate\":\"https:\\\/\\\/sgr-ssr.ch\\\/?s={search_term_string}\"},\"query-input\":{\"@type\":\"PropertyValueSpecification\",\"valueRequired\":true,\"valueName\":\"search_term_string\"}}],\"inLanguage\":\"fr-FR\"}]}<\/script>\n<!-- \/ Yoast SEO plugin. -->","yoast_head_json":{"title":"Home - Schweizerische Gesellschaft f\u00fcr Radiologie","robots":{"index":"index","follow":"follow","max-snippet":"max-snippet:-1","max-image-preview":"max-image-preview:large","max-video-preview":"max-video-preview:-1"},"canonical":"https:\/\/sgr-ssr.ch\/fr\/","og_locale":"fr_FR","og_type":"article","og_title":"Home - Schweizerische Gesellschaft f\u00fcr Radiologie","og_description":"Dr. Christoph Becker a re\u00e7u la m\u00e9daille Schinz dans le cadre du Congr\u00e8s suisse de radiologie 2022. Cet enregistrement de la Schinz Lecture 2022 - The Clinical Relevance of the Radiologist - est \u00e0 la disposition de toute personne int\u00e9ress\u00e9e.L'ISFM a approuv\u00e9 la r\u00e9vision du programme de formation postgradu\u00e9e pour le 1er juillet 2022. Le [&hellip;]","og_url":"https:\/\/sgr-ssr.ch\/fr\/","og_site_name":"Schweizerische Gesellschaft f\u00fcr Radiologie","article_modified_time":"2026-03-23T15:07:42+00:00","twitter_card":"summary_large_image","twitter_misc":{"Est. reading time":"6 minutes"},"schema":{"@context":"https:\/\/schema.org","@graph":[{"@type":"WebPage","@id":"https:\/\/sgr-ssr.ch\/fr\/","url":"https:\/\/sgr-ssr.ch\/fr\/","name":"Home - Schweizerische Gesellschaft f\u00fcr Radiologie","isPartOf":{"@id":"https:\/\/sgr-ssr.ch\/#website"},"datePublished":"2016-04-06T06:50:57+00:00","dateModified":"2026-03-23T15:07:42+00:00","breadcrumb":{"@id":"https:\/\/sgr-ssr.ch\/fr\/#breadcrumb"},"inLanguage":"fr-FR","potentialAction":[{"@type":"ReadAction","target":["https:\/\/sgr-ssr.ch\/fr\/"]}]},{"@type":"BreadcrumbList","@id":"https:\/\/sgr-ssr.ch\/fr\/#breadcrumb","itemListElement":[{"@type":"ListItem","position":1,"name":"Home","item":"https:\/\/sgr-ssr.ch\/fr\/"},{"@type":"ListItem","position":2,"name":"Home"}]},{"@type":"WebSite","@id":"https:\/\/sgr-ssr.ch\/#website","url":"https:\/\/sgr-ssr.ch\/","name":"Schweizerische Gesellschaft f\u00fcr Radiologie","description":"Just another WordPress site","potentialAction":[{"@type":"SearchAction","target":{"@type":"EntryPoint","urlTemplate":"https:\/\/sgr-ssr.ch\/?s={search_term_string}"},"query-input":{"@type":"PropertyValueSpecification","valueRequired":true,"valueName":"search_term_string"}}],"inLanguage":"fr-FR"}]}},"_links":{"self":[{"href":"https:\/\/sgr-ssr.ch\/fr\/wp-json\/wp\/v2\/pages\/43","targetHints":{"allow":["GET"]}}],"collection":[{"href":"https:\/\/sgr-ssr.ch\/fr\/wp-json\/wp\/v2\/pages"}],"about":[{"href":"https:\/\/sgr-ssr.ch\/fr\/wp-json\/wp\/v2\/types\/page"}],"author":[{"embeddable":true,"href":"https:\/\/sgr-ssr.ch\/fr\/wp-json\/wp\/v2\/users\/1"}],"replies":[{"embeddable":true,"href":"https:\/\/sgr-ssr.ch\/fr\/wp-json\/wp\/v2\/comments?post=43"}],"version-history":[{"count":6,"href":"https:\/\/sgr-ssr.ch\/fr\/wp-json\/wp\/v2\/pages\/43\/revisions"}],"predecessor-version":[{"id":19416,"href":"https:\/\/sgr-ssr.ch\/fr\/wp-json\/wp\/v2\/pages\/43\/revisions\/19416"}],"wp:attachment":[{"href":"https:\/\/sgr-ssr.ch\/fr\/wp-json\/wp\/v2\/media?parent=43"}],"curies":[{"name":"wp","href":"https:\/\/api.w.org\/{rel}","templated":true}]}}